{"id":255,"date":"2018-09-07T08:28:35","date_gmt":"2018-09-07T05:28:35","guid":{"rendered":"https:\/\/dale.ee\/valmistus\/"},"modified":"2023-02-09T21:28:30","modified_gmt":"2023-02-09T19:28:30","slug":"valmistus","status":"publish","type":"page","link":"https:\/\/dale.ee\/fi\/valmistus\/","title":{"rendered":"Teollinen valmistus"},"content":{"rendered":"\n<style type=\"text\/css\" data-created_by=\"avia_inline_auto\" id=\"style-css-av-44g0-0fc94c8a78cfbb54d89c9a4fba9c5580\">\n#top .av-special-heading.av-44g0-0fc94c8a78cfbb54d89c9a4fba9c5580{\npadding-bottom:10px;\n}\nbody .av-special-heading.av-44g0-0fc94c8a78cfbb54d89c9a4fba9c5580 .av-special-heading-tag .heading-char{\nfont-size:25px;\n}\n.av-special-heading.av-44g0-0fc94c8a78cfbb54d89c9a4fba9c5580 .av-subheading{\nfont-size:15px;\n}\n<\/style>\n<div  class='av-special-heading av-44g0-0fc94c8a78cfbb54d89c9a4fba9c5580 av-special-heading-h1 blockquote modern-quote  avia-builder-el-0  el_before_av_textblock  avia-builder-el-first '><h1 class='av-special-heading-tag '  itemprop=\"headline\"  >Teollinen valmistus<\/h1><div class=\"special-heading-border\"><div class=\"special-heading-inner-border\"><\/div><\/div><\/div>\n<section  class='av_textblock_section av-jht2noyf-416b946718abe713cc34867fe441e46e '   itemscope=\"itemscope\" itemtype=\"https:\/\/schema.org\/CreativeWork\" ><div class='avia_textblock'  itemprop=\"text\" ><p>Tuotantomme muodostavat asiakkaille alihankintana valmistamamme muovituotteet ja omat tuotteemme. Valmistusmenetelmin\u00e4 ovat ruiskuvalu ja ekstruusio. Raaka-aineina k\u00e4yt\u00e4mme useimpia yleisi\u00e4 raakamuovilajeja: PA, PE, PP, ABS, POM, PC ym. Jotkin tuotteet kokoamme alustavasti osista ennen toimitusta, mutta yleens\u00e4 asiakkaat k\u00e4ytt\u00e4v\u00e4t valmistamiamme osia itse tuotteidensa valmistukseen.<\/p>\n<p>Nyky\u00e4\u00e4n meill\u00e4 on 35 ruiskuvaluautomaattia (koot 35\u2013550 tonnia), 3 ekstruuderilinjaa, 6 mittatilausty\u00f6n\u00e4 valmistettua erilaista kokoamislinjaa, lis\u00e4ksi robotteja, manipulaattoreita sek\u00e4 paljon muita teollisuuslaitteita. 35 ruiskuvalukoneesta 5 ovat t\u00e4yss\u00e4hk\u00f6iset.<\/p>\n<\/div><\/section>\n","protected":false},"excerpt":{"rendered":"","protected":false},"author":4,"featured_media":0,"parent":0,"menu_order":0,"comment_status":"closed","ping_status":"closed","template":"","meta":{"footnotes":""},"class_list":["post-255","page","type-page","status-publish","hentry"],"yoast_head":"<!-- This site is optimized with the Yoast SEO plugin v27.4 - https:\/\/yoast.com\/product\/yoast-seo-wordpress\/ -->\n<title>Teollinen valmistus<\/title>\n<meta name=\"description\" content=\"Muovituotteiden valmistus ruiskuvalulla ja suulakepuristuksella.\" \/>\n<meta name=\"robots\" content=\"index, follow, max-snippet:-1, max-image-preview:large, max-video-preview:-1\" \/>\n<link rel=\"canonical\" href=\"https:\/\/dale.ee\/fi\/valmistus\/\" \/>\n<meta property=\"og:locale\" content=\"fi_FI\" \/>\n<meta property=\"og:type\" content=\"article\" \/>\n<meta property=\"og:title\" content=\"Teollinen valmistus\" \/>\n<meta property=\"og:description\" content=\"Muovituotteiden valmistus ruiskuvalulla ja suulakepuristuksella.\" \/>\n<meta property=\"og:url\" content=\"https:\/\/dale.ee\/fi\/valmistus\/\" \/>\n<meta property=\"og:site_name\" content=\"AS Dale LD\" \/>\n<meta property=\"article:modified_time\" content=\"2023-02-09T19:28:30+00:00\" \/>\n<meta name=\"twitter:card\" content=\"summary_large_image\" \/>\n<meta name=\"twitter:label1\" content=\"Arvioitu lukuaika\" \/>\n\t<meta name=\"twitter:data1\" content=\"1 minuutti\" \/>\n<script type=\"application\/ld+json\" class=\"yoast-schema-graph\">{\"@context\":\"https:\\\/\\\/schema.org\",\"@graph\":[{\"@type\":\"WebPage\",\"@id\":\"https:\\\/\\\/dale.ee\\\/fi\\\/valmistus\\\/\",\"url\":\"https:\\\/\\\/dale.ee\\\/fi\\\/valmistus\\\/\",\"name\":\"Teollinen valmistus\",\"isPartOf\":{\"@id\":\"https:\\\/\\\/dale.ee\\\/fi\\\/#website\"},\"datePublished\":\"2018-09-07T05:28:35+00:00\",\"dateModified\":\"2023-02-09T19:28:30+00:00\",\"description\":\"Muovituotteiden valmistus ruiskuvalulla ja suulakepuristuksella.\",\"breadcrumb\":{\"@id\":\"https:\\\/\\\/dale.ee\\\/fi\\\/valmistus\\\/#breadcrumb\"},\"inLanguage\":\"fi\",\"potentialAction\":[{\"@type\":\"ReadAction\",\"target\":[\"https:\\\/\\\/dale.ee\\\/fi\\\/valmistus\\\/\"]}]},{\"@type\":\"BreadcrumbList\",\"@id\":\"https:\\\/\\\/dale.ee\\\/fi\\\/valmistus\\\/#breadcrumb\",\"itemListElement\":[{\"@type\":\"ListItem\",\"position\":1,\"name\":\"Home\",\"item\":\"https:\\\/\\\/dale.ee\\\/fi\\\/\"},{\"@type\":\"ListItem\",\"position\":2,\"name\":\"Teollinen valmistus\"}]},{\"@type\":\"WebSite\",\"@id\":\"https:\\\/\\\/dale.ee\\\/fi\\\/#website\",\"url\":\"https:\\\/\\\/dale.ee\\\/fi\\\/\",\"name\":\"AS Dale LD\",\"description\":\"\",\"publisher\":{\"@id\":\"https:\\\/\\\/dale.ee\\\/fi\\\/#organization\"},\"potentialAction\":[{\"@type\":\"SearchAction\",\"target\":{\"@type\":\"EntryPoint\",\"urlTemplate\":\"https:\\\/\\\/dale.ee\\\/fi\\\/?s={search_term_string}\"},\"query-input\":{\"@type\":\"PropertyValueSpecification\",\"valueRequired\":true,\"valueName\":\"search_term_string\"}}],\"inLanguage\":\"fi\"},{\"@type\":\"Organization\",\"@id\":\"https:\\\/\\\/dale.ee\\\/fi\\\/#organization\",\"name\":\"DALE LD. AS\",\"url\":\"https:\\\/\\\/dale.ee\\\/fi\\\/\",\"logo\":{\"@type\":\"ImageObject\",\"inLanguage\":\"fi\",\"@id\":\"https:\\\/\\\/dale.ee\\\/fi\\\/#\\\/schema\\\/logo\\\/image\\\/\",\"url\":\"https:\\\/\\\/dale.ee\\\/wp-content\\\/uploads\\\/2020\\\/01\\\/DALE_LOGO.jpg\",\"contentUrl\":\"https:\\\/\\\/dale.ee\\\/wp-content\\\/uploads\\\/2020\\\/01\\\/DALE_LOGO.jpg\",\"width\":1000,\"height\":600,\"caption\":\"DALE LD. AS\"},\"image\":{\"@id\":\"https:\\\/\\\/dale.ee\\\/fi\\\/#\\\/schema\\\/logo\\\/image\\\/\"}}]}<\/script>\n<!-- \/ Yoast SEO plugin. -->","yoast_head_json":{"title":"Teollinen valmistus","description":"Muovituotteiden valmistus ruiskuvalulla ja suulakepuristuksella.","robots":{"index":"index","follow":"follow","max-snippet":"max-snippet:-1","max-image-preview":"max-image-preview:large","max-video-preview":"max-video-preview:-1"},"canonical":"https:\/\/dale.ee\/fi\/valmistus\/","og_locale":"fi_FI","og_type":"article","og_title":"Teollinen valmistus","og_description":"Muovituotteiden valmistus ruiskuvalulla ja suulakepuristuksella.","og_url":"https:\/\/dale.ee\/fi\/valmistus\/","og_site_name":"AS Dale LD","article_modified_time":"2023-02-09T19:28:30+00:00","twitter_card":"summary_large_image","twitter_misc":{"Arvioitu lukuaika":"1 minuutti"},"schema":{"@context":"https:\/\/schema.org","@graph":[{"@type":"WebPage","@id":"https:\/\/dale.ee\/fi\/valmistus\/","url":"https:\/\/dale.ee\/fi\/valmistus\/","name":"Teollinen valmistus","isPartOf":{"@id":"https:\/\/dale.ee\/fi\/#website"},"datePublished":"2018-09-07T05:28:35+00:00","dateModified":"2023-02-09T19:28:30+00:00","description":"Muovituotteiden valmistus ruiskuvalulla ja suulakepuristuksella.","breadcrumb":{"@id":"https:\/\/dale.ee\/fi\/valmistus\/#breadcrumb"},"inLanguage":"fi","potentialAction":[{"@type":"ReadAction","target":["https:\/\/dale.ee\/fi\/valmistus\/"]}]},{"@type":"BreadcrumbList","@id":"https:\/\/dale.ee\/fi\/valmistus\/#breadcrumb","itemListElement":[{"@type":"ListItem","position":1,"name":"Home","item":"https:\/\/dale.ee\/fi\/"},{"@type":"ListItem","position":2,"name":"Teollinen valmistus"}]},{"@type":"WebSite","@id":"https:\/\/dale.ee\/fi\/#website","url":"https:\/\/dale.ee\/fi\/","name":"AS Dale LD","description":"","publisher":{"@id":"https:\/\/dale.ee\/fi\/#organization"},"potentialAction":[{"@type":"SearchAction","target":{"@type":"EntryPoint","urlTemplate":"https:\/\/dale.ee\/fi\/?s={search_term_string}"},"query-input":{"@type":"PropertyValueSpecification","valueRequired":true,"valueName":"search_term_string"}}],"inLanguage":"fi"},{"@type":"Organization","@id":"https:\/\/dale.ee\/fi\/#organization","name":"DALE LD. AS","url":"https:\/\/dale.ee\/fi\/","logo":{"@type":"ImageObject","inLanguage":"fi","@id":"https:\/\/dale.ee\/fi\/#\/schema\/logo\/image\/","url":"https:\/\/dale.ee\/wp-content\/uploads\/2020\/01\/DALE_LOGO.jpg","contentUrl":"https:\/\/dale.ee\/wp-content\/uploads\/2020\/01\/DALE_LOGO.jpg","width":1000,"height":600,"caption":"DALE LD. AS"},"image":{"@id":"https:\/\/dale.ee\/fi\/#\/schema\/logo\/image\/"}}]}},"_links":{"self":[{"href":"https:\/\/dale.ee\/fi\/wp-json\/wp\/v2\/pages\/255","targetHints":{"allow":["GET"]}}],"collection":[{"href":"https:\/\/dale.ee\/fi\/wp-json\/wp\/v2\/pages"}],"about":[{"href":"https:\/\/dale.ee\/fi\/wp-json\/wp\/v2\/types\/page"}],"author":[{"embeddable":true,"href":"https:\/\/dale.ee\/fi\/wp-json\/wp\/v2\/users\/4"}],"replies":[{"embeddable":true,"href":"https:\/\/dale.ee\/fi\/wp-json\/wp\/v2\/comments?post=255"}],"version-history":[{"count":7,"href":"https:\/\/dale.ee\/fi\/wp-json\/wp\/v2\/pages\/255\/revisions"}],"predecessor-version":[{"id":1108,"href":"https:\/\/dale.ee\/fi\/wp-json\/wp\/v2\/pages\/255\/revisions\/1108"}],"wp:attachment":[{"href":"https:\/\/dale.ee\/fi\/wp-json\/wp\/v2\/media?parent=255"}],"curies":[{"name":"wp","href":"https:\/\/api.w.org\/{rel}","templated":true}]}}