{"id":235,"date":"2018-09-07T08:23:29","date_gmt":"2018-09-07T05:23:29","guid":{"rendered":"https:\/\/dale.ee\/yhtiosta\/"},"modified":"2025-04-01T11:01:33","modified_gmt":"2025-04-01T08:01:33","slug":"yhtiosta","status":"publish","type":"page","link":"https:\/\/dale.ee\/fi\/","title":{"rendered":"Yhti\u00f6st\u00e4"},"content":{"rendered":"<div id='full_slider_1'  class='avia-fullwidth-slider main_color avia-shadow   avia-builder-el-0  el_before_av_heading  avia-builder-el-first   container_wrap fullsize'  >\n<style type=\"text\/css\" data-created_by=\"avia_inline_auto\" id=\"style-css-av-656y0-4f4970633dd2a655886ec0eb60f7f738\">\n#top .avia-slideshow .av-slideshow-caption.av-656y0-4f4970633dd2a655886ec0eb60f7f738__0 .avia-caption-content{\nfont-size:22px;\n}\n#top .avia-slideshow .av-slideshow-caption.av-656y0-4f4970633dd2a655886ec0eb60f7f738__0 .avia-caption-content p{\nfont-size:22px;\n}\n<\/style>\n<div  class='avia-slideshow av-656y0-4f4970633dd2a655886ec0eb60f7f738 avia-slideshow-no scaling av_slideshow_full avia-fade-slider av-slideshow-ui av-control-hidden av-no-slider-navigation av-hide-nav-arrows av-slideshow-autoplay av-loop-endless av-loop-manual-endless av-default-height-applied   avia-slideshow-1' data-slideshow-options=\"{&quot;animation&quot;:&quot;fade&quot;,&quot;autoplay&quot;:true,&quot;loop_autoplay&quot;:&quot;endless&quot;,&quot;interval&quot;:7,&quot;loop_manual&quot;:&quot;manual-endless&quot;,&quot;autoplay_stopper&quot;:false,&quot;noNavigation&quot;:true,&quot;bg_slider&quot;:false,&quot;keep_padding&quot;:false,&quot;hoverpause&quot;:false,&quot;show_slide_delay&quot;:0}\"  itemprop=\"image\" itemscope=\"itemscope\" itemtype=\"https:\/\/schema.org\/ImageObject\" ><ul class='avia-slideshow-inner ' style='padding-bottom: 46.875%;'><li  class='avia-slideshow-slide av-656y0-4f4970633dd2a655886ec0eb60f7f738__0  slide-1 slide-odd'><div data-rel='slideshow-1' class='avia-slide-wrap '   ><div class='av-slideshow-caption av-656y0-4f4970633dd2a655886ec0eb60f7f738__0 caption_fullwidth caption_bottom caption_bottom_framed caption_framed'><div class=\"container caption_container\"><div class=\"slideshow_caption\"><div class=\"slideshow_inner_caption\"><div class=\"slideshow_align_caption\"><div class='avia-caption-content '  itemprop=\"description\" ><p>Tuotantolaitoksemme sijaitsee Leisun kyl\u00e4ss\u00e4 entisen meijerin alueella. Korjasimme vuonna 1923 (kuva vuodelta 1926) rakennetun meijeritalon ja k\u00e4yt\u00e4mme sit\u00e4 nyt toimistona.<\/p>\n<\/div><\/div><\/div><\/div><\/div><\/div><img fetchpriority=\"high\" fetchpriority=\"high\" decoding=\"async\" fetchpriority=\"high\" class=\"wp-image-468 avia-img-lazy-loading-not-468\"  src=\"https:\/\/dale.ee\/wp-content\/uploads\/2018\/04\/timthumb.jpg\" width=\"960\" height=\"450\" title='timthumb' alt='DALE office 1926'  itemprop=\"thumbnailUrl\"  style='min-height:300px; min-width:640px; ' srcset=\"https:\/\/dale.ee\/wp-content\/uploads\/2018\/04\/timthumb.jpg 960w, https:\/\/dale.ee\/wp-content\/uploads\/2018\/04\/timthumb-300x141.jpg 300w, https:\/\/dale.ee\/wp-content\/uploads\/2018\/04\/timthumb-768x360.jpg 768w, https:\/\/dale.ee\/wp-content\/uploads\/2018\/04\/timthumb-705x330.jpg 705w, https:\/\/dale.ee\/wp-content\/uploads\/2018\/04\/timthumb-450x211.jpg 450w\" sizes=\"(max-width: 960px) 100vw, 960px\" \/><\/div><\/li><li  class='avia-slideshow-slide av-656y0-4f4970633dd2a655886ec0eb60f7f738__1  slide-2 slide-even'><div data-rel='slideshow-1' class='avia-slide-wrap '   ><img fetchpriority=\"high\" fetchpriority=\"high\" decoding=\"async\" fetchpriority=\"high\" class=\"wp-image-469 avia-img-lazy-loading-not-469\"  src=\"https:\/\/dale.ee\/wp-content\/uploads\/2018\/04\/timthumb-1.jpg\" width=\"960\" height=\"450\" title='' alt='Dale office'  itemprop=\"thumbnailUrl\"  style='min-height:300px; min-width:640px; ' srcset=\"https:\/\/dale.ee\/wp-content\/uploads\/2018\/04\/timthumb-1.jpg 960w, https:\/\/dale.ee\/wp-content\/uploads\/2018\/04\/timthumb-1-300x141.jpg 300w, https:\/\/dale.ee\/wp-content\/uploads\/2018\/04\/timthumb-1-768x360.jpg 768w, https:\/\/dale.ee\/wp-content\/uploads\/2018\/04\/timthumb-1-705x330.jpg 705w, https:\/\/dale.ee\/wp-content\/uploads\/2018\/04\/timthumb-1-450x211.jpg 450w\" sizes=\"(max-width: 960px) 100vw, 960px\" \/><\/div><\/li><\/ul><div class='avia-slideshow-arrows avia-slideshow-controls' ><a href='#prev' class='prev-slide  avia-svg-icon avia-font-svg_entypo-fontello' data-av_svg_icon='left-open-big' data-av_iconset='svg_entypo-fontello' tabindex='-1' title=\"Previous\"><svg version=\"1.1\" xmlns=\"http:\/\/www.w3.org\/2000\/svg\" width=\"15\" height=\"32\" viewBox=\"0 0 15 32\" preserveAspectRatio=\"xMidYMid meet\" aria-labelledby='av-svg-title-1' aria-describedby='av-svg-desc-1' role=\"graphics-symbol\" aria-hidden=\"true\">\n<title id='av-svg-title-1'>Previous<\/title>\n<desc id='av-svg-desc-1'>Previous<\/desc>\n<path d=\"M14.464 27.84q0.832 0.832 0 1.536-0.832 0.832-1.536 0l-12.544-12.608q-0.768-0.768 0-1.6l12.544-12.608q0.704-0.832 1.536 0 0.832 0.704 0 1.536l-11.456 11.904z\"><\/path>\n<\/svg><span class='avia_hidden_link_text'>Previous<\/span><\/a><a href='#next' class='next-slide  avia-svg-icon avia-font-svg_entypo-fontello' data-av_svg_icon='right-open-big' data-av_iconset='svg_entypo-fontello' tabindex='-1' title=\"Next\"><svg version=\"1.1\" xmlns=\"http:\/\/www.w3.org\/2000\/svg\" width=\"15\" height=\"32\" viewBox=\"0 0 15 32\" preserveAspectRatio=\"xMidYMid meet\" aria-labelledby='av-svg-title-2' aria-describedby='av-svg-desc-2' role=\"graphics-symbol\" aria-hidden=\"true\">\n<title id='av-svg-title-2'>Next<\/title>\n<desc id='av-svg-desc-2'>Next<\/desc>\n<path d=\"M0.416 27.84l11.456-11.84-11.456-11.904q-0.832-0.832 0-1.536 0.832-0.832 1.536 0l12.544 12.608q0.768 0.832 0 1.6l-12.544 12.608q-0.704 0.832-1.536 0-0.832-0.704 0-1.536z\"><\/path>\n<\/svg><span class='avia_hidden_link_text'>Next<\/span><\/a><\/div><\/div><\/div><div id='after_full_slider_1'  class='main_color av_default_container_wrap container_wrap fullsize'  ><div class='container av-section-cont-open' ><div class='template-page content  av-content-full alpha units'><div class='post-entry post-entry-type-page post-entry-235'><div class='entry-content-wrapper clearfix'>\n\n<style type=\"text\/css\" data-created_by=\"avia_inline_auto\" id=\"style-css-av-k5hv6you-1f745fab1ae8c03ea9463a1038f4d675\">\n#top .av-special-heading.av-k5hv6you-1f745fab1ae8c03ea9463a1038f4d675{\npadding-bottom:10px;\n}\nbody .av-special-heading.av-k5hv6you-1f745fab1ae8c03ea9463a1038f4d675 .av-special-heading-tag .heading-char{\nfont-size:25px;\n}\n.av-special-heading.av-k5hv6you-1f745fab1ae8c03ea9463a1038f4d675 .av-subheading{\nfont-size:15px;\n}\n<\/style>\n<div  class='av-special-heading av-k5hv6you-1f745fab1ae8c03ea9463a1038f4d675 av-special-heading-h1 blockquote modern-quote  avia-builder-el-1  el_after_av_slideshow_full  el_before_av_textblock  avia-builder-el-first '><h1 class='av-special-heading-tag '  itemprop=\"headline\"  >MUOVITEOLLISUUS DALESSA<\/h1><div class=\"special-heading-border\"><div class=\"special-heading-inner-border\"><\/div><\/div><\/div>\n<section  class='av_textblock_section av-456tc-2185bc4c29738890b52e7875ccaad5f8 '   itemscope=\"itemscope\" itemtype=\"https:\/\/schema.org\/CreativeWork\" ><div class='avia_textblock'  itemprop=\"text\" ><p><img decoding=\"async\" class=\"alignright wp-image-106 size-full\" src=\"https:\/\/dale.ee\/wp-content\/uploads\/2018\/04\/timthumb-2.jpg\" alt=\"AS Dale LD.\" width=\"202\" height=\"303\" srcset=\"https:\/\/dale.ee\/wp-content\/uploads\/2018\/04\/timthumb-2.jpg 202w, https:\/\/dale.ee\/wp-content\/uploads\/2018\/04\/timthumb-2-200x300.jpg 200w\" sizes=\"(max-width: 202px) 100vw, 202px\" \/>AS Dale LD. perustettiin 9.12.1991 Leisu kyl\u00e4\u00e4n Hiidenmaalla neuvostoaikaisen kolhoosin sivu-tuotantoyksi\u00f6n tilalle. Yhti\u00f6 perustuu t\u00e4k\u00e4l\u00e4iseen yksityisp\u00e4\u00e4omaan. Dalella on t\u00e4n\u00e4 p\u00e4iv\u00e4n\u00e4 noin 3000 m\u00b2 tuotanto- ja varastopintaa ja 1.8 ha maata. Niin tuotantorakennus kuin toimisto sijaitsevat <strong>Leisussa<\/strong>.<\/p>\n<p>Dalen p\u00e4\u00e4toiminta on muovituotteiden valmistus, valmistusmenetelmin\u00e4 ovat ruiskuvalu ja ekstruusio. Ruiskuvalukokemusta on meill\u00e4 vuodesta 1986. K\u00e4yt\u00e4mme niin asiakkaille kuuluvia kuin meid\u00e4n omia ruiskuvaluty\u00f6kaluja. Vuoden 2023 tilastojen mukaan on Dalella t\u00f6iss\u00e4 <strong>47 henkil\u00f6\u00e4<\/strong>.<\/p>\n<p>Dalen isoimmat asiakkaat ovat Henkel Global, Ensto Building Systems O\u00dc, Ensto Ensek, ABB Wiring Accessories ja SealValue Europe.<\/p>\n<p>AS Dale LD. on Viron Kauppa- ja teollisuuskamarin, Viron Veronmaksajien Liiton, Viron Muoviteollisuuden Liiton ja Hiidenmaan Yritt\u00e4jien Liiton j\u00e4sen.<\/p>\n<\/div><\/section>\n<\/div><\/div><\/div><!-- close content main div --><\/div><\/div><div id='av_section_1'  class='avia-section av-av_section-f716ba51e7bf82947c918c6ed882cb73 main_color avia-section-default avia-no-border-styling  avia-builder-el-3  el_after_av_textblock  avia-builder-el-last  avia-bg-style-scroll container_wrap fullsize'  ><div class='container av-section-cont-open' ><div class='template-page content  av-content-full alpha units'><div class='post-entry post-entry-type-page post-entry-235'><div class='entry-content-wrapper clearfix'>\n<div  class='flex_column av-av_two_third-7714eba142aeda1f8b5272a3c372b279 av_two_third  avia-builder-el-4  el_before_av_one_third  avia-builder-el-first  first flex_column_div  '     ><p><section  class='av_textblock_section av-lcrj12ls-50bd4d3dd3db3e040c782a586ca3e831 '   itemscope=\"itemscope\" itemtype=\"https:\/\/schema.org\/CreativeWork\" ><div class='avia_textblock'  itemprop=\"text\" ><p>Vuonna 2009 my\u00f6nnettiin Dalelle &#8221;<strong>Viron Kaunis Koti<\/strong>&#8221; titteli.<\/p>\n<p>Jotta yhti\u00f6mme pystyisi jatkossakin saavuttamaan tavoitteita ja toimimaan menestyksellisesti, olemme ottaneet k\u00e4ytt\u00f6\u00f6n laadun ja ymp\u00e4rist\u00f6asioiden hallinnan j\u00e4rjestelm\u00e4n joka t\u00e4ytt\u00e4\u00e4 standardien <strong>ISO9001<\/strong> ja <strong>ISO14001<\/strong> vaatimukset.<\/p>\n<\/div><\/section><br \/>\n<section  class='av_textblock_section av-av_textblock-18ec860c7e07088d2c0a993b614e8019 '   itemscope=\"itemscope\" itemtype=\"https:\/\/schema.org\/CreativeWork\" ><div class='avia_textblock'  itemprop=\"text\" >\r\n            <style type=\"text\/css\">\r\n\r\n                \r\n                                .lcs_logo_container a.lcs_logo_link:hover { border: 1px solid #A0A0A0; ?>; }\r\n                .lcs_logo_container a:hover img { -moz-transform: scale(1.05); -webkit-transform: scale(1.05); -o-transform: scale(1.05); -ms-transform: scale(1.05); transform: scale(1.05); }\r\n                                                .lcs_logo_container a.lcs_logo_link, .lcs_logo_container a.lcs_logo_link:hover { border: none; }\r\n                                #lcs_logo_carousel_wrapper .owl-nav {\r\n                    position: absolute;\r\n                    margin-top: 0;\r\n                }\r\n\r\n                \/* TOP Right*\/\r\n                                #lcs_logo_carousel_wrapper .owl-nav {\r\n                    right: 0;\r\n                    top: -34px;\r\n                }\r\n                                \/* TOP Left*\/\r\n                \r\n                #lcs_logo_carousel_wrapper .owl-nav div {\r\n                    background: #ffffff;\r\n                    border-radius: 2px;\r\n                    margin: 2px;\r\n                    padding: 0;\r\n                    width: 27px;\r\n                    height: 27px;\r\n                    line-height: 20px;\r\n                    font-size: 22px;\r\n                    color: #ccc;\r\n                    border: 1px solid #ccc;\r\n                    opacity: 1;\r\n                    z-index: 999;\r\n                    -moz-transition: all 0.3s linear;\r\n                    -o-transition: all 0.3s linear;\r\n                    -webkit-transition: all 0.3s linear;\r\n                    transition: all 0.3s linear;\r\n            <\/style>\r\n\r\n                        <div id=\"lcs_logo_carousel_wrapper\">\r\n                <div id=\"lcs_logo_carousel_slider\" class=\"owl-carousel owl-theme\">\r\n                    \r\n                                                <div class=\"lcs_logo_container\">\r\n\r\n\r\n                                                            <a href=\"http:\/\/sealvalue.net\/\" class=\"lcs_logo_link\" target=\"_blank\">\r\n                                    <img decoding=\"async\" src=\"https:\/\/dale.ee\/wp-content\/uploads\/2018\/04\/partner-logo-sealvalue.png\" alt=\"SealValue Europe O\u00dc\" \/>                                <\/a>\r\n                                                                                <\/div>\r\n                    \r\n                                                <div class=\"lcs_logo_container\">\r\n\r\n\r\n                                                            <a href=\"http:\/\/abb.com\/ee\" class=\"lcs_logo_link\" target=\"_blank\">\r\n                                    <img decoding=\"async\" src=\"https:\/\/dale.ee\/wp-content\/uploads\/2018\/04\/partner-logo-abb.png\" alt=\"ABB\" \/>                                <\/a>\r\n                                                                                <\/div>\r\n                    \r\n                                                <div class=\"lcs_logo_container\">\r\n\r\n\r\n                                                            <a href=\"https:\/\/www.ensto.com\/\" class=\"lcs_logo_link\" target=\"_blank\">\r\n                                    <img decoding=\"async\" src=\"https:\/\/dale.ee\/wp-content\/uploads\/2018\/04\/partner-logo-ensto.png\" alt=\"Ensto Ensek\" \/>                                <\/a>\r\n                                                                                <\/div>\r\n                    \r\n                                                <div class=\"lcs_logo_container\">\r\n\r\n\r\n                                                            <a href=\"http:\/\/www.makroflex.ee\" class=\"lcs_logo_link\" target=\"_blank\">\r\n                                    <img decoding=\"async\" src=\"https:\/\/dale.ee\/wp-content\/uploads\/2018\/04\/partner-logo-makroflex.png\" alt=\"Henkel Makroflex\" \/>                                <\/a>\r\n                                                                                <\/div>\r\n                                                        <\/div> <!-- End lcs_logo_carousel_slider -->\r\n            <\/div> <!--ends #lcs_logo_carousel_wrapper-->\r\n\r\n            <!--UPDATED Carousel VERSION CODE-->\r\n            <!--INITIALIZE THE SLIDER-->\r\n            <script>\r\n                jQuery(document).ready(function($){\r\n                    var logoSlider = $(\"#lcs_logo_carousel_slider\");\r\n\r\n                    logoSlider.owlCarousel({\r\n                        loop:true,\r\n                        autoWidth:false,\r\n                        responsiveClass:true,\r\n                        dots:false,\r\n                        autoplay:true,\r\n\r\n                        autoplayTimeout: 4000,\r\n                        autoplayHoverPause: false,\r\n                        dotData:true,\r\n                        dotsEach:false,\r\n                        slideBy:1,\r\n                        rtl:false,\r\n                        nav:false,\r\n                        navText:['\u2039','\u203a'],\r\n                        smartSpeed: 1000, \/\/ it smooths the transition\r\n                        responsive:{\r\n                            0 : {\r\n                                items:2\r\n                            },\r\n                            500: {\r\n                                items:3\r\n                            },\r\n                            600 : {\r\n                                items:3\r\n                            },\r\n                            768:{\r\n                                items:4\r\n                            },\r\n                            1199:{\r\n                                items:4                            }\r\n                        }\r\n                    });\r\n\r\n\r\n                    \/\/ custom navigation button for slider\r\n                    \/\/ at first. let us cache the element\r\n                    var $lcs_wrap = $('#lcs_logo_carousel_wrapper');\r\n                    \/\/ Go to the next item\r\n                    $lcs_wrap.on('click', '.prev', function () {\r\n                        logoSlider.trigger('prev.owl.carousel');\r\n                    });\r\n\r\n                    \/\/ Go to the previous item\r\n                    $lcs_wrap.on('click', '.next', function () {\r\n                        \/\/ With optional speed parameter\r\n                        \/\/ Parameters has to be in square bracket '[]'\r\n                        logoSlider.trigger('next.owl.carousel');\r\n                    })\r\n\r\n\r\n                });\r\n            <\/script>\r\n            \n<\/div><\/section><\/p><\/div><div  class='flex_column av-av_one_third-f1c518e9ff58e869f80c8f093487abc9 av_one_third flex_column_div  '     ><style type=\"text\/css\" data-created_by=\"avia_inline_auto\" id=\"style-css-av-lcrj0gtw-da5003f42a690ecc114cc5ef0542a0f3\">\n.avia-image-container.av-lcrj0gtw-da5003f42a690ecc114cc5ef0542a0f3 img.avia_image{\nbox-shadow:none;\n}\n.avia-image-container.av-lcrj0gtw-da5003f42a690ecc114cc5ef0542a0f3 .av-image-caption-overlay-center{\ncolor:#ffffff;\n}\n<\/style>\n<div  class='avia-image-container av-lcrj0gtw-da5003f42a690ecc114cc5ef0542a0f3 av-styling- av-img-linked avia-align-center'   itemprop=\"image\" itemscope=\"itemscope\" itemtype=\"https:\/\/schema.org\/ImageObject\" ><div class=\"avia-image-container-inner\"><div class=\"avia-image-overlay-wrap\"><a href=\"https:\/\/dale.ee\/wp-content\/uploads\/2023\/01\/AS-Dale-LD.-Sertifikaat-FIN.pdf\" class='avia_image '  target=\"_blank\"  rel=\"noopener noreferrer\" ><img fetchpriority=\"high\" decoding=\"async\" fetchpriority=\"high\" fetchpriority=\"high\" class='wp-image-1048 avia-img-lazy-loading-not-1048 avia_image ' src=\"https:\/\/dale.ee\/wp-content\/uploads\/2023\/01\/sertifikaat_fin.jpg\" alt='' title=''  height=\"699\" width=\"500\"  itemprop=\"thumbnailUrl\" srcset=\"https:\/\/dale.ee\/wp-content\/uploads\/2023\/01\/sertifikaat_fin.jpg 500w, https:\/\/dale.ee\/wp-content\/uploads\/2023\/01\/sertifikaat_fin-215x300.jpg 215w\" sizes=\"(max-width: 500px) 100vw, 500px\" \/><\/a><\/div><\/div><\/div><\/div>\n\n","protected":false},"excerpt":{"rendered":"","protected":false},"author":4,"featured_media":0,"parent":0,"menu_order":0,"comment_status":"closed","ping_status":"closed","template":"","meta":{"footnotes":""},"class_list":["post-235","page","type-page","status-publish","hentry"],"yoast_head":"<!-- This site is optimized with the Yoast SEO plugin v27.4 - https:\/\/yoast.com\/product\/yoast-seo-wordpress\/ -->\n<title>Mouviteollisuus - AS DALE LD<\/title>\n<meta name=\"description\" content=\"Muoviosien valmistus ruiskuvalulla ja suulakepuristuksella\" \/>\n<meta name=\"robots\" content=\"index, follow, max-snippet:-1, max-image-preview:large, max-video-preview:-1\" \/>\n<link rel=\"canonical\" href=\"https:\/\/dale.ee\/fi\/\" \/>\n<meta property=\"og:locale\" content=\"fi_FI\" \/>\n<meta property=\"og:type\" content=\"article\" \/>\n<meta property=\"og:title\" content=\"Mouviteollisuus - AS DALE LD\" \/>\n<meta property=\"og:description\" content=\"Muoviosien valmistus ruiskuvalulla ja suulakepuristuksella\" \/>\n<meta property=\"og:url\" content=\"https:\/\/dale.ee\/fi\/\" \/>\n<meta property=\"og:site_name\" content=\"AS Dale LD\" \/>\n<meta property=\"article:modified_time\" content=\"2025-04-01T08:01:33+00:00\" \/>\n<meta property=\"og:image\" content=\"https:\/\/dale.ee\/wp-content\/uploads\/2018\/04\/timthumb-2.jpg\" \/>\n<meta name=\"twitter:card\" content=\"summary_large_image\" \/>\n<meta name=\"twitter:label1\" content=\"Arvioitu lukuaika\" \/>\n\t<meta name=\"twitter:data1\" content=\"3 minuuttia\" \/>\n<script type=\"application\/ld+json\" class=\"yoast-schema-graph\">{\"@context\":\"https:\\\/\\\/schema.org\",\"@graph\":[{\"@type\":\"WebPage\",\"@id\":\"https:\\\/\\\/dale.ee\\\/fi\\\/\",\"url\":\"https:\\\/\\\/dale.ee\\\/fi\\\/\",\"name\":\"Mouviteollisuus - AS DALE LD\",\"isPartOf\":{\"@id\":\"https:\\\/\\\/dale.ee\\\/fi\\\/#website\"},\"primaryImageOfPage\":{\"@id\":\"https:\\\/\\\/dale.ee\\\/fi\\\/#primaryimage\"},\"image\":{\"@id\":\"https:\\\/\\\/dale.ee\\\/fi\\\/#primaryimage\"},\"thumbnailUrl\":\"https:\\\/\\\/dale.ee\\\/wp-content\\\/uploads\\\/2018\\\/04\\\/timthumb-2.jpg\",\"datePublished\":\"2018-09-07T05:23:29+00:00\",\"dateModified\":\"2025-04-01T08:01:33+00:00\",\"description\":\"Muoviosien valmistus ruiskuvalulla ja suulakepuristuksella\",\"breadcrumb\":{\"@id\":\"https:\\\/\\\/dale.ee\\\/fi\\\/#breadcrumb\"},\"inLanguage\":\"fi\",\"potentialAction\":[{\"@type\":\"ReadAction\",\"target\":[\"https:\\\/\\\/dale.ee\\\/fi\\\/\"]}]},{\"@type\":\"ImageObject\",\"inLanguage\":\"fi\",\"@id\":\"https:\\\/\\\/dale.ee\\\/fi\\\/#primaryimage\",\"url\":\"https:\\\/\\\/dale.ee\\\/wp-content\\\/uploads\\\/2018\\\/04\\\/timthumb-2.jpg\",\"contentUrl\":\"https:\\\/\\\/dale.ee\\\/wp-content\\\/uploads\\\/2018\\\/04\\\/timthumb-2.jpg\"},{\"@type\":\"BreadcrumbList\",\"@id\":\"https:\\\/\\\/dale.ee\\\/fi\\\/#breadcrumb\",\"itemListElement\":[{\"@type\":\"ListItem\",\"position\":1,\"name\":\"Home\",\"item\":\"https:\\\/\\\/dale.ee\\\/fi\\\/\"},{\"@type\":\"ListItem\",\"position\":2,\"name\":\"Yhti\u00f6st\u00e4\"}]},{\"@type\":\"WebSite\",\"@id\":\"https:\\\/\\\/dale.ee\\\/fi\\\/#website\",\"url\":\"https:\\\/\\\/dale.ee\\\/fi\\\/\",\"name\":\"AS Dale LD\",\"description\":\"\",\"publisher\":{\"@id\":\"https:\\\/\\\/dale.ee\\\/fi\\\/#organization\"},\"potentialAction\":[{\"@type\":\"SearchAction\",\"target\":{\"@type\":\"EntryPoint\",\"urlTemplate\":\"https:\\\/\\\/dale.ee\\\/fi\\\/?s={search_term_string}\"},\"query-input\":{\"@type\":\"PropertyValueSpecification\",\"valueRequired\":true,\"valueName\":\"search_term_string\"}}],\"inLanguage\":\"fi\"},{\"@type\":\"Organization\",\"@id\":\"https:\\\/\\\/dale.ee\\\/fi\\\/#organization\",\"name\":\"DALE LD. AS\",\"url\":\"https:\\\/\\\/dale.ee\\\/fi\\\/\",\"logo\":{\"@type\":\"ImageObject\",\"inLanguage\":\"fi\",\"@id\":\"https:\\\/\\\/dale.ee\\\/fi\\\/#\\\/schema\\\/logo\\\/image\\\/\",\"url\":\"https:\\\/\\\/dale.ee\\\/wp-content\\\/uploads\\\/2020\\\/01\\\/DALE_LOGO.jpg\",\"contentUrl\":\"https:\\\/\\\/dale.ee\\\/wp-content\\\/uploads\\\/2020\\\/01\\\/DALE_LOGO.jpg\",\"width\":1000,\"height\":600,\"caption\":\"DALE LD. AS\"},\"image\":{\"@id\":\"https:\\\/\\\/dale.ee\\\/fi\\\/#\\\/schema\\\/logo\\\/image\\\/\"}}]}<\/script>\n<!-- \/ Yoast SEO plugin. -->","yoast_head_json":{"title":"Mouviteollisuus - AS DALE LD","description":"Muoviosien valmistus ruiskuvalulla ja suulakepuristuksella","robots":{"index":"index","follow":"follow","max-snippet":"max-snippet:-1","max-image-preview":"max-image-preview:large","max-video-preview":"max-video-preview:-1"},"canonical":"https:\/\/dale.ee\/fi\/","og_locale":"fi_FI","og_type":"article","og_title":"Mouviteollisuus - AS DALE LD","og_description":"Muoviosien valmistus ruiskuvalulla ja suulakepuristuksella","og_url":"https:\/\/dale.ee\/fi\/","og_site_name":"AS Dale LD","article_modified_time":"2025-04-01T08:01:33+00:00","og_image":[{"url":"https:\/\/dale.ee\/wp-content\/uploads\/2018\/04\/timthumb-2.jpg","type":"","width":"","height":""}],"twitter_card":"summary_large_image","twitter_misc":{"Arvioitu lukuaika":"3 minuuttia"},"schema":{"@context":"https:\/\/schema.org","@graph":[{"@type":"WebPage","@id":"https:\/\/dale.ee\/fi\/","url":"https:\/\/dale.ee\/fi\/","name":"Mouviteollisuus - AS DALE LD","isPartOf":{"@id":"https:\/\/dale.ee\/fi\/#website"},"primaryImageOfPage":{"@id":"https:\/\/dale.ee\/fi\/#primaryimage"},"image":{"@id":"https:\/\/dale.ee\/fi\/#primaryimage"},"thumbnailUrl":"https:\/\/dale.ee\/wp-content\/uploads\/2018\/04\/timthumb-2.jpg","datePublished":"2018-09-07T05:23:29+00:00","dateModified":"2025-04-01T08:01:33+00:00","description":"Muoviosien valmistus ruiskuvalulla ja suulakepuristuksella","breadcrumb":{"@id":"https:\/\/dale.ee\/fi\/#breadcrumb"},"inLanguage":"fi","potentialAction":[{"@type":"ReadAction","target":["https:\/\/dale.ee\/fi\/"]}]},{"@type":"ImageObject","inLanguage":"fi","@id":"https:\/\/dale.ee\/fi\/#primaryimage","url":"https:\/\/dale.ee\/wp-content\/uploads\/2018\/04\/timthumb-2.jpg","contentUrl":"https:\/\/dale.ee\/wp-content\/uploads\/2018\/04\/timthumb-2.jpg"},{"@type":"BreadcrumbList","@id":"https:\/\/dale.ee\/fi\/#breadcrumb","itemListElement":[{"@type":"ListItem","position":1,"name":"Home","item":"https:\/\/dale.ee\/fi\/"},{"@type":"ListItem","position":2,"name":"Yhti\u00f6st\u00e4"}]},{"@type":"WebSite","@id":"https:\/\/dale.ee\/fi\/#website","url":"https:\/\/dale.ee\/fi\/","name":"AS Dale LD","description":"","publisher":{"@id":"https:\/\/dale.ee\/fi\/#organization"},"potentialAction":[{"@type":"SearchAction","target":{"@type":"EntryPoint","urlTemplate":"https:\/\/dale.ee\/fi\/?s={search_term_string}"},"query-input":{"@type":"PropertyValueSpecification","valueRequired":true,"valueName":"search_term_string"}}],"inLanguage":"fi"},{"@type":"Organization","@id":"https:\/\/dale.ee\/fi\/#organization","name":"DALE LD. AS","url":"https:\/\/dale.ee\/fi\/","logo":{"@type":"ImageObject","inLanguage":"fi","@id":"https:\/\/dale.ee\/fi\/#\/schema\/logo\/image\/","url":"https:\/\/dale.ee\/wp-content\/uploads\/2020\/01\/DALE_LOGO.jpg","contentUrl":"https:\/\/dale.ee\/wp-content\/uploads\/2020\/01\/DALE_LOGO.jpg","width":1000,"height":600,"caption":"DALE LD. AS"},"image":{"@id":"https:\/\/dale.ee\/fi\/#\/schema\/logo\/image\/"}}]}},"_links":{"self":[{"href":"https:\/\/dale.ee\/fi\/wp-json\/wp\/v2\/pages\/235","targetHints":{"allow":["GET"]}}],"collection":[{"href":"https:\/\/dale.ee\/fi\/wp-json\/wp\/v2\/pages"}],"about":[{"href":"https:\/\/dale.ee\/fi\/wp-json\/wp\/v2\/types\/page"}],"author":[{"embeddable":true,"href":"https:\/\/dale.ee\/fi\/wp-json\/wp\/v2\/users\/4"}],"replies":[{"embeddable":true,"href":"https:\/\/dale.ee\/fi\/wp-json\/wp\/v2\/comments?post=235"}],"version-history":[{"count":14,"href":"https:\/\/dale.ee\/fi\/wp-json\/wp\/v2\/pages\/235\/revisions"}],"predecessor-version":[{"id":1379,"href":"https:\/\/dale.ee\/fi\/wp-json\/wp\/v2\/pages\/235\/revisions\/1379"}],"wp:attachment":[{"href":"https:\/\/dale.ee\/fi\/wp-json\/wp\/v2\/media?parent=235"}],"curies":[{"name":"wp","href":"https:\/\/api.w.org\/{rel}","templated":true}]}}